{"id":24,"date":"2022-09-12T11:05:48","date_gmt":"2022-09-12T11:05:48","guid":{"rendered":"http:\/\/transcotec.ipportalegre.pt\/?page_id=24"},"modified":"2022-09-16T09:32:49","modified_gmt":"2022-09-16T09:32:49","slug":"identidade-grafica","status":"publish","type":"page","link":"https:\/\/transcotec.ipportalegre.pt\/index.php\/identidade-grafica\/","title":{"rendered":"IDENTIDADE GR\u00c1FICA"},"content":{"rendered":"\n<p><strong>Logotipo do projeto TransCoTec:<\/strong><\/p>\n\n\n\n<figure class=\"wp-block-table\"><table class=\"has-fixed-layout\"><tbody><tr><td>S\u00edmbolo<\/td><td class=\"has-text-align-center\" data-align=\"center\"><a href=\"https:\/\/drive.google.com\/file\/d\/1s0Pg49A8_OqmRTjpGjKy5N0rZdyv274m\/view?usp=sharing\" target=\"_blank\" rel=\"noreferrer noopener\">JPG<\/a><\/td><td class=\"has-text-align-center\" data-align=\"center\"><a href=\"https:\/\/drive.google.com\/file\/d\/1cSCdVNNl4nZHBDn7FYcd3Dc5YFCljri1\/view?usp=sharing\" target=\"_blank\" rel=\"noreferrer noopener\">PNG<\/a><\/td><td class=\"has-text-align-center\" data-align=\"center\"><a href=\"https:\/\/drive.google.com\/file\/d\/1MrbicWknnIhRqHsfP0hMEXbvoCN56drp\/view?usp=sharing\" target=\"_blank\" rel=\"noreferrer noopener\">EPS<\/a><\/td><\/tr><tr><td>S\u00edmbolo positivo<\/td><td class=\"has-text-align-center\" data-align=\"center\"><a href=\"https:\/\/drive.google.com\/file\/d\/1XoiELg-9JECvq1JbtEtfo7zyy0Hbzo1w\/view?usp=sharing\" target=\"_blank\" rel=\"noreferrer noopener\">JPG<\/a><\/td><td class=\"has-text-align-center\" data-align=\"center\"><a href=\"https:\/\/drive.google.com\/file\/d\/1Od5bVTeZRbtetrv83J0YXjDBnaMtIiHm\/view?usp=sharing\" target=\"_blank\" rel=\"noreferrer noopener\">PNG<\/a><\/td><td class=\"has-text-align-center\" data-align=\"center\"><a href=\"https:\/\/drive.google.com\/file\/d\/1LDLyZp9vVV9JzsovEZjgVSQvlpE7T9S5\/view?usp=sharing\" target=\"_blank\" rel=\"noreferrer noopener\">EPS<\/a><\/td><\/tr><tr><td>S\u00edmbolo negativo<\/td><td class=\"has-text-align-center\" data-align=\"center\"><\/td><td class=\"has-text-align-center\" data-align=\"center\"><a href=\"https:\/\/drive.google.com\/file\/d\/1Ab8dPzTdjhv51u3jgUKFj4tgMAwTJyrF\/view?usp=sharing\" target=\"_blank\" rel=\"noreferrer noopener\">PNG<\/a><\/td><td class=\"has-text-align-center\" data-align=\"center\"><a href=\"https:\/\/drive.google.com\/file\/d\/1J3wWJxpHGi4TIk1Bqw3iBDtNSLFQyjty\/view?usp=sharing\" target=\"_blank\" rel=\"noreferrer noopener\">EPS<\/a><\/td><\/tr><tr><td>Vers\u00e3o horizontal<\/td><td class=\"has-text-align-center\" data-align=\"center\"><a href=\"https:\/\/drive.google.com\/file\/d\/1VT_MwVuag-d3dHV4S5_0bBHBL6KJqBNd\/view?usp=sharing\" target=\"_blank\" rel=\"noreferrer noopener\">JPG<\/a><\/td><td class=\"has-text-align-center\" data-align=\"center\"><a href=\"https:\/\/drive.google.com\/file\/d\/1bgUjIrI5ZH95qL59ON4tzS5EVJbybvPA\/view?usp=sharing\" target=\"_blank\" rel=\"noreferrer noopener\">PNG<\/a><\/td><td class=\"has-text-align-center\" data-align=\"center\"><a href=\"https:\/\/drive.google.com\/file\/d\/1vOFLonmB7KtPsJg2vP9HS_lrioh7SEkr\/view?usp=sharing\" target=\"_blank\" rel=\"noreferrer noopener\">EPS<\/a><\/td><\/tr><tr><td>Vers\u00e3o horizontal positivo<\/td><td class=\"has-text-align-center\" data-align=\"center\"><a href=\"https:\/\/drive.google.com\/file\/d\/1GRI7kdoV6tamm61RYfUvNAV2yf65mO3W\/view?usp=sharing\" target=\"_blank\" rel=\"noreferrer noopener\">JPG<\/a><\/td><td class=\"has-text-align-center\" data-align=\"center\"><a href=\"https:\/\/drive.google.com\/file\/d\/1F3ApkyZz5XMTzlIKYre_zXu9CBQjwS_8\/view?usp=sharing\" target=\"_blank\" rel=\"noreferrer noopener\">PNG<\/a><\/td><td class=\"has-text-align-center\" data-align=\"center\"><a href=\"https:\/\/drive.google.com\/file\/d\/1kF7N1xbvOzo0HkgOwEp6fDzKWeXdKepM\/view?usp=sharing\" target=\"_blank\" rel=\"noreferrer noopener\">EPS<\/a><\/td><\/tr><tr><td>Vers\u00e3o horizontal negativo<\/td><td class=\"has-text-align-center\" data-align=\"center\"><\/td><td class=\"has-text-align-center\" data-align=\"center\"><a href=\"https:\/\/drive.google.com\/file\/d\/1lTExwILXxyCf0ZBL7KuXHwb2v3F324DX\/view?usp=sharing\" target=\"_blank\" rel=\"noreferrer noopener\">PNG<\/a><\/td><td class=\"has-text-align-center\" data-align=\"center\"><a href=\"https:\/\/drive.google.com\/file\/d\/1T8Bm9fWnXgv3swxTeWq9ihexpRj4vMoQ\/view?usp=sharing\" target=\"_blank\" rel=\"noreferrer noopener\">EPS<\/a><\/td><\/tr><tr><td>Vers\u00e3o vertical<\/td><td class=\"has-text-align-center\" data-align=\"center\"><a href=\"https:\/\/drive.google.com\/file\/d\/1WKfA38aTyL2X_vce687wN-wcznJJMtbt\/view?usp=sharing\" target=\"_blank\" rel=\"noreferrer noopener\">JPG<\/a><\/td><td class=\"has-text-align-center\" data-align=\"center\"><a href=\"https:\/\/drive.google.com\/file\/d\/1dEyAij-tFkt9OvPIoeyMrnMOrDv1NeMh\/view?usp=sharing\" target=\"_blank\" rel=\"noreferrer noopener\">PNG<\/a><\/td><td class=\"has-text-align-center\" data-align=\"center\"><a href=\"https:\/\/drive.google.com\/file\/d\/1toXYy1Q0zNfJN8qoqEEj7OaJpwARM-KN\/view?usp=sharing\" target=\"_blank\" rel=\"noreferrer noopener\">EPS<\/a><\/td><\/tr><tr><td>Vers\u00e3o vertical positivo<\/td><td class=\"has-text-align-center\" data-align=\"center\"><a href=\"https:\/\/drive.google.com\/file\/d\/1H-pDbegEJeeo1LH0K1qhSaUWk2nljW-J\/view?usp=sharing\" target=\"_blank\" rel=\"noreferrer noopener\">JPG<\/a><\/td><td class=\"has-text-align-center\" data-align=\"center\"><a href=\"https:\/\/drive.google.com\/file\/d\/1EkHjTncfcxyShKYLIqAmQOASd9EosZvM\/view?usp=sharing\" target=\"_blank\" rel=\"noreferrer noopener\">PNG<\/a><\/td><td class=\"has-text-align-center\" data-align=\"center\"><a href=\"https:\/\/drive.google.com\/file\/d\/19mrpeE3mMNIpaNbEdX6A_HRsMPLHTkJq\/view?usp=sharing\" target=\"_blank\" rel=\"noreferrer noopener\">EPS<\/a><\/td><\/tr><tr><td>Vers\u00e3o vertical negativo<\/td><td class=\"has-text-align-center\" data-align=\"center\"><\/td><td class=\"has-text-align-center\" data-align=\"center\"><a href=\"https:\/\/drive.google.com\/file\/d\/1a6VITRNZvjAcWvlfdEPsOSUM1VWSxWN4\/view?usp=sharing\" target=\"_blank\" rel=\"noreferrer noopener\">PNG<\/a><\/td><td class=\"has-text-align-center\" data-align=\"center\"><a href=\"https:\/\/drive.google.com\/file\/d\/1jlry8ejsNFqmV9g_Eq6WvpoeOgbI5xS9\/view?usp=sharing\" target=\"_blank\" rel=\"noreferrer noopener\">EPS<\/a><\/td><\/tr><\/tbody><\/table><\/figure>\n\n\n\n<p><\/p>\n\n\n<p><strong>Parceiros e financiamento:<\/strong><\/p>\n\n\n<figure class=\"wp-block-table\"><table class=\"has-fixed-layout\"><tbody><tr><td>Barra<\/td><td class=\"has-text-align-center\" data-align=\"center\"><a href=\"https:\/\/drive.google.com\/file\/d\/1wmoyvGTXFBKA4f1Lp-32eOQngdgTFRmA\/view?usp=sharing\" target=\"_blank\" rel=\"noreferrer noopener\">JPG<\/a><\/td><td class=\"has-text-align-center\" data-align=\"center\"><a href=\"https:\/\/drive.google.com\/file\/d\/1QAx0FMWJO4wibr6E77-QPOnnUVrb7-VH\/view?usp=sharing\" target=\"_blank\" rel=\"noreferrer noopener\">PNG<\/a><\/td><td class=\"has-text-align-center\" data-align=\"center\"><a href=\"https:\/\/drive.google.com\/file\/d\/1rQNZARVOptrwlsksOGB5n8f95-2huIVb\/view?usp=sharing\" target=\"_blank\" rel=\"noreferrer noopener\">EPS<\/a><\/td><\/tr><\/tbody><\/table><\/figure>\n\n\n<p><strong>Manual de normas:<\/strong><\/p>\n<p><a href=\"https:\/\/drive.google.com\/file\/d\/1LGeymqYv66Q26tPy_1nG3_iMbpsSJTXS\/view?usp=sharing\" target=\"_blank\" rel=\"noopener\">Brandbook<\/a><\/p>","protected":false},"excerpt":{"rendered":"<p>Logotipo do projeto TransCoTec: S\u00edmbolo JPG PNG EPS S\u00edmbolo positivo JPG PNG EPS S\u00edmbolo negativo PNG EPS Vers\u00e3o horizontal JPG PNG EPS Vers\u00e3o horizontal positivo JPG PNG EPS Vers\u00e3o horizontal &#8230;<\/p>\n","protected":false},"author":1,"featured_media":0,"parent":0,"menu_order":0,"comment_status":"closed","ping_status":"closed","template":"","meta":{"footnotes":""},"class_list":["post-24","page","type-page","status-publish","hentry"],"_links":{"self":[{"href":"https:\/\/transcotec.ipportalegre.pt\/index.php\/wp-json\/wp\/v2\/pages\/24","targetHints":{"allow":["GET"]}}],"collection":[{"href":"https:\/\/transcotec.ipportalegre.pt\/index.php\/wp-json\/wp\/v2\/pages"}],"about":[{"href":"https:\/\/transcotec.ipportalegre.pt\/index.php\/wp-json\/wp\/v2\/types\/page"}],"author":[{"embeddable":true,"href":"https:\/\/transcotec.ipportalegre.pt\/index.php\/wp-json\/wp\/v2\/users\/1"}],"replies":[{"embeddable":true,"href":"https:\/\/transcotec.ipportalegre.pt\/index.php\/wp-json\/wp\/v2\/comments?post=24"}],"version-history":[{"count":9,"href":"https:\/\/transcotec.ipportalegre.pt\/index.php\/wp-json\/wp\/v2\/pages\/24\/revisions"}],"predecessor-version":[{"id":182,"href":"https:\/\/transcotec.ipportalegre.pt\/index.php\/wp-json\/wp\/v2\/pages\/24\/revisions\/182"}],"wp:attachment":[{"href":"https:\/\/transcotec.ipportalegre.pt\/index.php\/wp-json\/wp\/v2\/media?parent=24"}],"curies":[{"name":"wp","href":"https:\/\/api.w.org\/{rel}","templated":true}]}}