{"id":251,"date":"2022-10-03T10:17:57","date_gmt":"2022-10-03T10:17:57","guid":{"rendered":"http:\/\/transcotec.ipportalegre.pt\/?page_id=251"},"modified":"2022-10-03T10:19:29","modified_gmt":"2022-10-03T10:19:29","slug":"politecnico-de-tomar-olinda-sequeira","status":"publish","type":"page","link":"https:\/\/transcotec.ipportalegre.pt\/index.php\/politecnico-de-tomar-olinda-sequeira\/","title":{"rendered":"Polit\u00e9cnico de Tomar: Olinda Sequeira"},"content":{"rendered":"<p><img loading=\"lazy\" decoding=\"async\" class=\"size-medium wp-image-254 alignleft\" src=\"http:\/\/transcotec.ipportalegre.pt\/wp-content\/uploads\/2022\/10\/olinda-sequeira-183x300.jpg\" alt=\"\" width=\"183\" height=\"300\" srcset=\"https:\/\/transcotec.ipportalegre.pt\/wp-content\/uploads\/2022\/10\/olinda-sequeira-183x300.jpg 183w, https:\/\/transcotec.ipportalegre.pt\/wp-content\/uploads\/2022\/10\/olinda-sequeira.jpg 302w\" sizes=\"auto, (max-width: 183px) 100vw, 183px\" \/><\/p>\n<p><strong>Olinda Sequeira<\/strong><\/p>\n<p><a href=\"mailto:olinda.sequeira@ipt.pt\">olinda.sequeira@ipt.pt<\/a><\/p>\n<p>\u00c9 doutorada em Economia pelo ISEG Lisbon School da Universidade de Lisboa. \u00c9 especialista com provas p\u00fablicas em Economia, com especializa\u00e7\u00e3o na \u00e1rea da estrat\u00e9gia. \u00c9 professora adjunta no Instituto Polit\u00e9cnico de Tomar. Tem lecionado principalmente unidades curriculares nas \u00e1reas de Empreendedorismo e Inova\u00e7\u00e3o, Projeto Empresarial, Gest\u00e3o Estrat\u00e9gica e Internacionaliza\u00e7\u00e3o nos ciclos de estudos correspondentes a licenciatura e a mestrado. \u00c9 investigadora na \u00e1rea da efici\u00eancia e produtividade das organiza\u00e7\u00f5es com aplica\u00e7\u00e3o de t\u00e9cnicas de fronteira. Pertence ao centro de investiga\u00e7\u00e3o &#8211; Smart Cities Research Center (CI2) do IPTomar. Tem artigos publicados em revistas internacionais com revis\u00e3o por pares e \u00e9 tamb\u00e9m revisora de artigos cient\u00edficos para revistas internacionais. \u00a0Em termos profissionais, antes e durante a doc\u00eancia, desempenhou cargos de gest\u00e3o nalgumas empresas, foi consultora na \u00e1rea financeira e contabil\u00edstica em v\u00e1rias empresas, elaborou aproximadamente mil projectos empresariais em m\u00faltiplas \u00e1reas de atividade, sendo que noventa por cento foram candidaturas aos fundos europeus, nos restantes est\u00e3o alguns projectos de cariz internacional. Foi formadora para recursos humanos qualificados de v\u00e1rias empresas, em v\u00e1rias \u00e1reas de gest\u00e3o, com predomin\u00e2ncia na \u00e1rea da gest\u00e3o financeira. No Instituto polit\u00e9cnico, a par com a doc\u00eancia, assume desde 2012 a coordena\u00e7\u00e3o do Poliempreende, sendo que em 2019 foi coordenadora nacional do Poliempreende. Participou e coordenou, representando o Instituto Polit\u00e9cnico de Tomar, o Projeto \u201cPIN Poli Entrepreneurship Innovation\u201d, atualmente participa e coordena o projeto \u201cLink Me Up \u2013 1000 ideias\u201d, ambos desenvolvidos em cons\u00f3rcio com outros Institutos Polit\u00e9cnicos. Em representa\u00e7\u00e3o do Instituto Polit\u00e9cnico de Tomar, integrou o Projeto \u201cGrupo T\u00e9cnico de Acompanhamento para a Dinamiza\u00e7\u00e3o do Ecossistema Empreendedor do M\u00e9dio Tejo &#8211; GTA para o empreendedorismo\u201d. Coordenou, em representa\u00e7\u00e3o do IPT, o projecto \u201cEmpreendedorismo em Rede-M\u00e9dio Tejo 2020\u201d em parceria com a Comunidade Intermunicipal do M\u00e9dio Tejo, NERSANT e TagusValley. Participou na implementa\u00e7\u00e3o do projeto coordenado pela NERSANT \u201c Rede de Apoio ao empreendedorismo do S\u00edtio do Empreendedor\u201d. Coordenou a presta\u00e7\u00e3o de servi\u00e7os referente ao protocolo estabelecido entre o IPT e a NERSANT no \u00e2mbito do InovRibatejo \u2013 Fomentar a Inova\u00e7\u00e3o e o Empreendedorismo. Foi coordenadora pedag\u00f3gica do Curso de Empreendedorismo, no IPT, no \u00e2mbito do Projecto de Forma\u00e7\u00e3o VIDA ATIVA, em 2013 e 2014. Tem participado em diversos j\u00faris de selec\u00e7\u00e3o de ideias e planos de neg\u00f3cios, ao abrigo de v\u00e1rios concursos promovidos por outras entidades como a TagusValley, Nersant, Comunidade Intermunicipal do M\u00e9dio Tejo e ainda no concurso \u201cArrisca C\u201d, cuja coordena\u00e7\u00e3o \u00e9 realizada pela Universidade de Coimbra. Foi oradora em v\u00e1rios semin\u00e1rios de Empreendedorismo, promovidos por v\u00e1rias entidades.<\/p>\n","protected":false},"excerpt":{"rendered":"<p>Olinda Sequeira olinda.sequeira@ipt.pt \u00c9 doutorada em Economia pelo ISEG Lisbon School da Universidade de Lisboa. \u00c9 especialista com provas p\u00fablicas em Economia, com especializa\u00e7\u00e3o na \u00e1rea da estrat\u00e9gia. \u00c9 professora &#8230;<\/p>\n","protected":false},"author":1,"featured_media":0,"parent":0,"menu_order":0,"comment_status":"closed","ping_status":"closed","template":"","meta":{"footnotes":""},"class_list":["post-251","page","type-page","status-publish","hentry"],"_links":{"self":[{"href":"https:\/\/transcotec.ipportalegre.pt\/index.php\/wp-json\/wp\/v2\/pages\/251","targetHints":{"allow":["GET"]}}],"collection":[{"href":"https:\/\/transcotec.ipportalegre.pt\/index.php\/wp-json\/wp\/v2\/pages"}],"about":[{"href":"https:\/\/transcotec.ipportalegre.pt\/index.php\/wp-json\/wp\/v2\/types\/page"}],"author":[{"embeddable":true,"href":"https:\/\/transcotec.ipportalegre.pt\/index.php\/wp-json\/wp\/v2\/users\/1"}],"replies":[{"embeddable":true,"href":"https:\/\/transcotec.ipportalegre.pt\/index.php\/wp-json\/wp\/v2\/comments?post=251"}],"version-history":[{"count":2,"href":"https:\/\/transcotec.ipportalegre.pt\/index.php\/wp-json\/wp\/v2\/pages\/251\/revisions"}],"predecessor-version":[{"id":256,"href":"https:\/\/transcotec.ipportalegre.pt\/index.php\/wp-json\/wp\/v2\/pages\/251\/revisions\/256"}],"wp:attachment":[{"href":"https:\/\/transcotec.ipportalegre.pt\/index.php\/wp-json\/wp\/v2\/media?parent=251"}],"curies":[{"name":"wp","href":"https:\/\/api.w.org\/{rel}","templated":true}]}}