{"id":257,"date":"2022-10-03T10:21:52","date_gmt":"2022-10-03T10:21:52","guid":{"rendered":"http:\/\/transcotec.ipportalegre.pt\/?page_id=257"},"modified":"2022-10-03T10:21:52","modified_gmt":"2022-10-03T10:21:52","slug":"politecnico-de-tomar-henrique-pinho","status":"publish","type":"page","link":"https:\/\/transcotec.ipportalegre.pt\/index.php\/politecnico-de-tomar-henrique-pinho\/","title":{"rendered":"Polit\u00e9cnico de Tomar: Henrique Pinho"},"content":{"rendered":"<p><img loading=\"lazy\" decoding=\"async\" class=\"size-full wp-image-253 alignleft\" src=\"http:\/\/transcotec.ipportalegre.pt\/wp-content\/uploads\/2022\/10\/henrique-pinho.png\" alt=\"\" width=\"93\" height=\"112\" \/><strong>Henrique Pinho\u00a0<\/strong><\/p>\n<p><a href=\"mailto:hpinho@ipt.pt\" target=\"_blank\" rel=\"noopener\">hpinho@ipt.pt<\/a><\/p>\n<p>\u00c9 doutorado e licenciado em Engenharia Qu\u00edmica pelo IST, anterior Universidade T\u00e9cnica de Lisboa, e Mestre em Gest\u00e3o (MBA) pelo ISEG, tamb\u00e9m da anterior Universidade T\u00e9cnica de Lisboa. Atualmente \u00e9 professor adjunto no Instituto Polit\u00e9cnico de Tomar, na Unidade Departamental de Engenharias, e que presentemente dirige. Tem lecionado principalmente unidades curriculares nas \u00e1reas de Engenharia e Tecnologia Qu\u00edmica e Gest\u00e3o da Produ\u00e7\u00e3o nos ciclos de estudos correspondentes a licenciatura, a mestrado e a t\u00e9cnico superior especialista. \u00c9 investigador nas \u00e1reas da tecnologia qu\u00edmica e da biotecnologia ambiental, com enf\u00e2se no uso sustent\u00e1vel de recursos e economia circular. Foi membro integrado do CERENA, do IST, sendo desde 2018 membro integrado e Diretor do Smart Cities Research Center (Ci2) do IPTomar. \u00c9 membro do Laborat\u00f3rio de Bioenergia e Biotecnologia Aplicada do IPTomar (Biotec.IPT). Tem artigos publicados em revistas internacionais com revis\u00e3o por pares, e \u00e9 autor de cap\u00edtulos de livros e de diversas comunica\u00e7\u00f5es em confer\u00eancias e semin\u00e1rios, sendo tamb\u00e9m revisor de artigos cient\u00edficos para revistas internacionais. \u00a0Em termos profissionais, antes e durante a doc\u00eancia, desenvolveu atividades t\u00e9cnicas e de gest\u00e3o no setor aduaneiro e de importa\u00e7\u00e3o e exporta\u00e7\u00e3o. Foi formador em curso do Instituto de Emprego e da Seguran\u00e7a Social, e coordenou cursos de especializa\u00e7\u00e3o tecnol\u00f3gica, t\u00e9cnico superior especialista e de curta dura\u00e7\u00e3o, no IPTomar. Participou e participa em projetos de investiga\u00e7\u00e3o aplicada, com financiamento nacional e europeu, incluindo a fun\u00e7\u00e3o de investigador respons\u00e1vel. Foi coordenador do Sistema ECTS e dos programas Erasmus da Escola Superior de Tecnologia do IPTomar. Faz parte do grupo de trabalho da CIMT para a promo\u00e7\u00e3o do Hidrog\u00e9nio como vetor energ\u00e9tico, e colabora noutros projetos em parceria com a Comunidade e com empresas.<\/p>\n","protected":false},"excerpt":{"rendered":"<p>Henrique Pinho\u00a0 hpinho@ipt.pt \u00c9 doutorado e licenciado em Engenharia Qu\u00edmica pelo IST, anterior Universidade T\u00e9cnica de Lisboa, e Mestre em Gest\u00e3o (MBA) pelo ISEG, tamb\u00e9m da anterior Universidade T\u00e9cnica de &#8230;<\/p>\n","protected":false},"author":1,"featured_media":0,"parent":0,"menu_order":0,"comment_status":"closed","ping_status":"closed","template":"","meta":{"footnotes":""},"class_list":["post-257","page","type-page","status-publish","hentry"],"_links":{"self":[{"href":"https:\/\/transcotec.ipportalegre.pt\/index.php\/wp-json\/wp\/v2\/pages\/257","targetHints":{"allow":["GET"]}}],"collection":[{"href":"https:\/\/transcotec.ipportalegre.pt\/index.php\/wp-json\/wp\/v2\/pages"}],"about":[{"href":"https:\/\/transcotec.ipportalegre.pt\/index.php\/wp-json\/wp\/v2\/types\/page"}],"author":[{"embeddable":true,"href":"https:\/\/transcotec.ipportalegre.pt\/index.php\/wp-json\/wp\/v2\/users\/1"}],"replies":[{"embeddable":true,"href":"https:\/\/transcotec.ipportalegre.pt\/index.php\/wp-json\/wp\/v2\/comments?post=257"}],"version-history":[{"count":1,"href":"https:\/\/transcotec.ipportalegre.pt\/index.php\/wp-json\/wp\/v2\/pages\/257\/revisions"}],"predecessor-version":[{"id":258,"href":"https:\/\/transcotec.ipportalegre.pt\/index.php\/wp-json\/wp\/v2\/pages\/257\/revisions\/258"}],"wp:attachment":[{"href":"https:\/\/transcotec.ipportalegre.pt\/index.php\/wp-json\/wp\/v2\/media?parent=257"}],"curies":[{"name":"wp","href":"https:\/\/api.w.org\/{rel}","templated":true}]}}