{"id":259,"date":"2022-10-03T10:24:10","date_gmt":"2022-10-03T10:24:10","guid":{"rendered":"http:\/\/transcotec.ipportalegre.pt\/?page_id=259"},"modified":"2022-10-03T10:24:10","modified_gmt":"2022-10-03T10:24:10","slug":"politecnico-de-tomar-dina-mateus","status":"publish","type":"page","link":"https:\/\/transcotec.ipportalegre.pt\/index.php\/politecnico-de-tomar-dina-mateus\/","title":{"rendered":"Polit\u00e9cnico de Tomar: Dina Mateus"},"content":{"rendered":"<p><strong><img loading=\"lazy\" decoding=\"async\" class=\"size-full wp-image-252 alignleft\" src=\"http:\/\/transcotec.ipportalegre.pt\/wp-content\/uploads\/2022\/10\/dina-mateus.png\" alt=\"\" width=\"76\" height=\"124\" \/>Dina Mateus<\/strong><\/p>\n<p><a href=\"mailto:dinamateus@ipt.pt\">dinamateus@ipt.pt<\/a><\/p>\n<p>\u00c9 doutorada e mestre em Biotecnologia e licenciada em Engenharia Qu\u00edmica pelo IST, anterior Universidade T\u00e9cnica de Lisboa. Atualmente \u00e9 Professora Coordenadora no Instituto Polit\u00e9cnico de Tomar, na Unidade Departamental de Engenharias. Lecciona unidades curriculares nas \u00e1reas de Engenharia e Tecnologia Qu\u00edmica e Biol\u00f3gica nos ciclos de estudos correspondentes a mestrado, a licenciatura e a t\u00e9cnico superior especialista. \u00c9 Diretora do Mestrado em Tecnologia Qu\u00edmica no IPTomar desde 2009. Desenvolve trabalhos de investiga\u00e7\u00e3o nas \u00e1reas da tecnologia qu\u00edmica e da biotecnologia ambiental, com foco no tratamento e recupera\u00e7\u00e3o de \u00e1guas residuais, educa\u00e7\u00e3o ambiental, biodeteriora\u00e7\u00e3o e conserva\u00e7\u00e3o sustent\u00e1vel do patrim\u00f3nio cultural. Foi membro integrado do Centro Geobiosci\u00eancias, Geoengenharia e Geotecnologias (GeoBioTec), da Universidade de Aveiro, sendo desde 2018 membro integrado do Centro de Tecnologia, Restauro e Valoriza\u00e7\u00e3o das Artes (Techn&amp;Art) do IPTomar. \u00c9 Diretora do Laborat\u00f3rio de Bioenergia e Biotecnologia Aplicada do IPTomar (Biotec.IPT). Tem artigos publicados em revistas cient\u00edficas internacionais com revis\u00e3o por pares, \u00e9 autora de cap\u00edtulos de livros e de diversas comunica\u00e7\u00f5es em confer\u00eancias e semin\u00e1rios nacionais e internacionais, sendo tamb\u00e9m revisora de artigos cient\u00edficos para revistas internacionais. Participou e participa em projetos de investiga\u00e7\u00e3o aplicada, financiados por entidades privadas e por ag\u00eancias nacionais e europeias, incluindo a fun\u00e7\u00e3o de coordenadora e investigadora respons\u00e1vel. \u00c9 membro do Conselho T\u00e9cnico-Cient\u00edfico da Escola Superior de Tecnologia de Tomar do IPTomar. Foi membro do Conselho Geral do IPTomar. Faz parte dos grupos de trabalho em Efici\u00eancia H\u00eddrica e Economia Circular da Rede Campus Sustent\u00e1vel &#8211; Portugal, e colabora noutros projetos em parceria com a Comunidade e com empresas.<\/p>\n","protected":false},"excerpt":{"rendered":"<p>Dina Mateus dinamateus@ipt.pt \u00c9 doutorada e mestre em Biotecnologia e licenciada em Engenharia Qu\u00edmica pelo IST, anterior Universidade T\u00e9cnica de Lisboa. Atualmente \u00e9 Professora Coordenadora no Instituto Polit\u00e9cnico de Tomar, &#8230;<\/p>\n","protected":false},"author":1,"featured_media":0,"parent":0,"menu_order":0,"comment_status":"closed","ping_status":"closed","template":"","meta":{"footnotes":""},"class_list":["post-259","page","type-page","status-publish","hentry"],"_links":{"self":[{"href":"https:\/\/transcotec.ipportalegre.pt\/index.php\/wp-json\/wp\/v2\/pages\/259","targetHints":{"allow":["GET"]}}],"collection":[{"href":"https:\/\/transcotec.ipportalegre.pt\/index.php\/wp-json\/wp\/v2\/pages"}],"about":[{"href":"https:\/\/transcotec.ipportalegre.pt\/index.php\/wp-json\/wp\/v2\/types\/page"}],"author":[{"embeddable":true,"href":"https:\/\/transcotec.ipportalegre.pt\/index.php\/wp-json\/wp\/v2\/users\/1"}],"replies":[{"embeddable":true,"href":"https:\/\/transcotec.ipportalegre.pt\/index.php\/wp-json\/wp\/v2\/comments?post=259"}],"version-history":[{"count":1,"href":"https:\/\/transcotec.ipportalegre.pt\/index.php\/wp-json\/wp\/v2\/pages\/259\/revisions"}],"predecessor-version":[{"id":260,"href":"https:\/\/transcotec.ipportalegre.pt\/index.php\/wp-json\/wp\/v2\/pages\/259\/revisions\/260"}],"wp:attachment":[{"href":"https:\/\/transcotec.ipportalegre.pt\/index.php\/wp-json\/wp\/v2\/media?parent=259"}],"curies":[{"name":"wp","href":"https:\/\/api.w.org\/{rel}","templated":true}]}}