{"id":27,"date":"2022-09-12T11:05:48","date_gmt":"2022-09-12T11:05:48","guid":{"rendered":"http:\/\/transcotec.ipportalegre.pt\/?page_id=27"},"modified":"2022-09-28T10:28:39","modified_gmt":"2022-09-28T10:28:39","slug":"clipping","status":"publish","type":"page","link":"https:\/\/transcotec.ipportalegre.pt\/index.php\/clipping\/","title":{"rendered":"CLIPPING"},"content":{"rendered":"\n<figure class=\"wp-block-pullquote alignleft\"><blockquote><p><a rel=\"noreferrer noopener\" href=\"https:\/\/otemplario.pt\/destaque\/politecnicos-de-portalegre-santarem-e-tomar-com-projeto-tecnologico-para-empresas\/\" target=\"_blank\">Polit\u00e9cnicos de Portalegre, Santar\u00e9m e Tomar com projeto tecnol\u00f3gico para empresas<\/a>                <\/p><cite>22\/09\/2022 &#8211; O TEMPL\u00c1RIO<\/cite><\/blockquote><\/figure>\n\n\n\n<figure class=\"wp-block-pullquote alignleft\"><blockquote><p><a href=\"https:\/\/hrportugal.sapo.pt\/politecnicos-de-portalegre-santarem-e-tomar-vao-avancar-com-projecto-para-potenciar-a-transferencia-de-tecnologia-para-as-empresas\/\" target=\"_blank\" rel=\"noreferrer noopener\">Polit\u00e9cnicos de Portalegre, Santar\u00e9m e Tomar v\u00e3o avan\u00e7ar com projecto para potenciar a transfer\u00eancia de tecnologia para as empresas<\/a><\/p><cite>22\/09\/2022 &#8211; HUMAN RESOURCES<\/cite><\/blockquote><\/figure>\n\n\n\n<figure class=\"wp-block-pullquote alignleft\"><blockquote><p><a rel=\"noreferrer noopener\" href=\"https:\/\/omirante.pt\/sociedade\/politecnicos-de-portalegre-santarem-e-tomar-com-projecto-tecnologico-para-empresas\/\" target=\"_blank\">Polit\u00e9cnicos de Portalegre, Santar\u00e9m e Tomar com projecto tecnol\u00f3gico para empresas<\/a>              <\/p><cite>22\/09\/2022 &#8211; O MIRANTE<\/cite><\/blockquote><\/figure>\n\n\n\n<figure class=\"wp-block-pullquote alignleft\"><blockquote><p><a rel=\"noreferrer noopener\" href=\"https:\/\/www.radioportalegre.pt\/index.php\/8-radio\/17454-portalegre-politecnico-lidera-projeto-de-investigacao-que-tem-como-alvo-empresas-dos-setores-agroalimentar-energia-agua-e-ambiente.html\" target=\"_blank\">Portalegre: Polit\u00e9cnico lidera projeto de investiga\u00e7\u00e3o que tem como alvo empresas dos setores agroalimentar, energia, \u00e1gua e ambiente <\/a>                                                   <\/p><cite>22\/09\/2022 &#8211; R\u00c1DIO PORTALEGRE<\/cite><\/blockquote><\/figure>\n\n\n\n<figure class=\"wp-block-pullquote alignleft\"><blockquote><p><a rel=\"noreferrer noopener\" href=\"https:\/\/www.radiocampanario.com\/ultimas\/regional\/politecnicos-de-portalegre-santarem-e-tomar-com-projeto-tecnologico-para-empresas?fbclid=IwAR0wJEQOe47wfd5y5riuLOZl08Lawtmc8yyxMWzo704Oyt8SAKE3QcOth1o\" target=\"_blank\">Polit\u00e9cnicos de Portalegre, Santar\u00e9m e Tomar com projeto tecnol\u00f3gico para empresas<\/a>             <\/p><cite>21\/09\/2022 &#8211; R\u00c1DIO CAMPAN\u00c1RIO<\/cite><\/blockquote><\/figure>\n\n\n\n<figure class=\"wp-block-pullquote alignleft\"><blockquote><p><a rel=\"noreferrer noopener\" href=\"https:\/\/linhasdeelvas.pt\/2022\/09\/21\/politecnicos-de-portalegre-santarem-e-tomar-com-projecto-tecnologico-para-empresas\/\" target=\"_blank\">Polit\u00e9cnicos de Portalegre, Santar\u00e9m e Tomar com projecto tecnol\u00f3gico para empresas<\/a>             <\/p><cite>21\/09\/2022 &#8211; LINHAS D&#8217;ELVAS<\/cite><\/blockquote><\/figure>\n\n\n\n<figure class=\"wp-block-pullquote alignleft\"><blockquote><p><a rel=\"noreferrer noopener\" href=\"https:\/\/odigital.sapo.pt\/politecnico-de-portalegre-lidera-projeto-tecnologico-para-empresas\/\" target=\"_blank\">Polit\u00e9cnico de Portalegre lidera projeto tecnol\u00f3gico para empresas<\/a>                                              <\/p><cite>21\/09\/2022 &#8211; O DIGITAL<\/cite><\/blockquote><\/figure>\n\n\n\n<figure class=\"wp-block-pullquote alignleft\"><blockquote><p><a rel=\"noreferrer noopener\" href=\"https:\/\/maisribatejo.pt\/2022\/09\/21\/politecnicos-de-santarem-tomar-e-portalegre-unidos-em-projeto-tecnologico-para-empresas\/\" target=\"_blank\">Polit\u00e9cnicos de Santar\u00e9m, Tomar e Portalegre unidos em projeto tecnol\u00f3gico para empresas<\/a>   <\/p><cite>21\/09\/2022 &#8211; MAIS RIBATEJO<\/cite><\/blockquote><\/figure>\n\n\n\n<figure class=\"wp-block-pullquote alignleft has-text-align-center\"><blockquote><p><a href=\"https:\/\/www.antenalivre.pt\/noticias\/politecnicos-de-portalegre-santarem-e-tomar-com-projeto-tecnologico-para-empresas\" target=\"_blank\" rel=\"noreferrer noopener\">Ensino: Polit\u00e9cnicos de Portalegre, Santar\u00e9m e Tomar com projeto tecnol\u00f3gico para empresas<\/a><\/p><cite>21\/09\/2022 &#8211; ANTENA LIVRE<\/cite><\/blockquote><\/figure>\n\n\n\n<figure class=\"wp-block-pullquote alignleft\"><blockquote><p><a rel=\"noreferrer noopener\" href=\"https:\/\/jornaldeabrantes.sapo.pt\/noticias\/politecnicos-de-portalegre-santarem-e-tomar-com-projeto-tecnologico-para-empresas\" target=\"_blank\">Polit\u00e9cnicos de Portalegre, Santar\u00e9m e Tomar com projeto tecnol\u00f3gico para empresas<\/a>                <\/p><cite>21\/09\/2022 &#8211; JORNAL DE ABRANTES<\/cite><\/blockquote><\/figure>\n\n\n\n<figure class=\"wp-block-pullquote alignleft\"><blockquote><p><a rel=\"noreferrer noopener\" href=\"https:\/\/www.noticiasaominuto.com\/tech\/2077640\/politecnicos-de-portalegre-lidera-projeto-tecnologico-para-empresas?utm_source=rss-tech&amp;utm_medium=rss&amp;utm_campaign=rssfeed&amp;fbclid=IwAR1WNh5oIzFEf0gFN9FdbtAP0YkYQwhicQQKm2oj5YEaSeJUJDEy-RHc6jM\" target=\"_blank\">Polit\u00e9cnico de Portalegre lidera projeto tecnol\u00f3gico para empresas<\/a>                                             <\/p><cite>21\/09\/2022 &#8211; NOT\u00cdCIAS AO MINUTO<\/cite><\/blockquote><\/figure>\n\n\n\n<figure class=\"wp-block-pullquote alignleft has-text-align-center\"><blockquote><p><a rel=\"noreferrer noopener\" href=\"https:\/\/maisribatejo.pt\/2022\/09\/20\/arranque-do-projeto-transcotec-no-politecnico-de-santarem\/\" target=\"_blank\">Arranque do projeto TransCoTec no Polit\u00e9cnico de Santar\u00e9m<\/a>                                                        <\/p><cite>20\/09\/2022 &#8211; Mais Ribatejo<\/cite><\/blockquote><\/figure>\n\n\n\n<figure class=\"wp-block-pullquote alignleft\"><blockquote><p><a rel=\"noreferrer noopener\" href=\"https:\/\/www.rederegional.com\/rede-academica\/36415-kick-off-projeto-transcotec-no-politecnico-de-santarem\" target=\"_blank\">Kick-Off projeto TransCoTec no Polit\u00e9cnico de Santar\u00e9m<\/a>                                                                <\/p><cite>20\/09\/2022 &#8211; REDE REGIONAL<\/cite><\/blockquote><\/figure>\n\n\n\n<figure class=\"wp-block-pullquote alignleft\"><blockquote><p><a rel=\"noreferrer noopener\" href=\"https:\/\/mediotejo.net\/politecnicos-de-portalegre-santarem-e-tomar-com-projeto-tecnologico-para-empresas\/?fbclid=IwAR1_ZNS7ZSN4o7Ds5Wq-zGSxqenvoT-k8J-13yRuMP672QFI9oOxbJtxFN4\" target=\"_blank\">Polit\u00e9cnicos de Portalegre, Santar\u00e9m e Tomar com projeto tecnol\u00f3gico para empresas<\/a>             <\/p><cite>16\/09\/2022 &#8211; MEDIOTEJO.NET<\/cite><\/blockquote><\/figure>\n","protected":false},"excerpt":{"rendered":"<p>Polit\u00e9cnicos de Portalegre, Santar\u00e9m e Tomar com projeto tecnol\u00f3gico para empresas 22\/09\/2022 &#8211; O TEMPL\u00c1RIO Polit\u00e9cnicos de Portalegre, Santar\u00e9m e Tomar v\u00e3o avan\u00e7ar com projecto para potenciar a transfer\u00eancia de &#8230;<\/p>\n","protected":false},"author":1,"featured_media":0,"parent":0,"menu_order":0,"comment_status":"closed","ping_status":"closed","template":"","meta":{"footnotes":""},"class_list":["post-27","page","type-page","status-publish","hentry"],"_links":{"self":[{"href":"https:\/\/transcotec.ipportalegre.pt\/index.php\/wp-json\/wp\/v2\/pages\/27","targetHints":{"allow":["GET"]}}],"collection":[{"href":"https:\/\/transcotec.ipportalegre.pt\/index.php\/wp-json\/wp\/v2\/pages"}],"about":[{"href":"https:\/\/transcotec.ipportalegre.pt\/index.php\/wp-json\/wp\/v2\/types\/page"}],"author":[{"embeddable":true,"href":"https:\/\/transcotec.ipportalegre.pt\/index.php\/wp-json\/wp\/v2\/users\/1"}],"replies":[{"embeddable":true,"href":"https:\/\/transcotec.ipportalegre.pt\/index.php\/wp-json\/wp\/v2\/comments?post=27"}],"version-history":[{"count":12,"href":"https:\/\/transcotec.ipportalegre.pt\/index.php\/wp-json\/wp\/v2\/pages\/27\/revisions"}],"predecessor-version":[{"id":221,"href":"https:\/\/transcotec.ipportalegre.pt\/index.php\/wp-json\/wp\/v2\/pages\/27\/revisions\/221"}],"wp:attachment":[{"href":"https:\/\/transcotec.ipportalegre.pt\/index.php\/wp-json\/wp\/v2\/media?parent=27"}],"curies":[{"name":"wp","href":"https:\/\/api.w.org\/{rel}","templated":true}]}}