{"id":629,"date":"2023-03-30T09:28:42","date_gmt":"2023-03-30T09:28:42","guid":{"rendered":"https:\/\/transcotec.ipportalegre.pt\/?page_id=629"},"modified":"2023-03-31T14:04:11","modified_gmt":"2023-03-31T14:04:11","slug":"faqs","status":"publish","type":"page","link":"https:\/\/transcotec.ipportalegre.pt\/index.php\/faqs\/","title":{"rendered":"FAQ&#8217;s"},"content":{"rendered":"<p dir=\"ltr\">O Instituto Polit\u00e9cnico de Portalegre, o Instituto Polit\u00e9cnico de Tomar e o Instituto Polit\u00e9cnico de Santar\u00e9m, em consorcio, promovem o projeto TransCoTec, que tem como objetivo potenciar a valoriza\u00e7\u00e3o dos resultados de I&amp;D e refor\u00e7ar a transfer\u00eancia de conhecimento cient\u00edfico e tecnol\u00f3gico para o setor empresarial.<\/p>\n<p dir=\"ltr\">As Bolsas de Empreendedorismo, t\u00eam como objetivo apoiar e potenciar os processos de cria\u00e7\u00e3o de spin-offs, promovendo a transfer\u00eancia de tecnologia para o mercado nos setores como as TIC, Agroalimentar, Energia, \u00c1gua e Ambiente.<\/p>\n<p><strong>\u00a0<\/strong><\/p>\n<p><strong>Tenho interesse em candidatar-me. Onde encontro mais informa\u00e7\u00f5es?<\/strong><\/p>\n<p dir=\"ltr\">Os interessados em candidatar-se dever\u00e3o consultar toda a informa\u00e7\u00e3o contida no <strong><a href=\"https:\/\/transcotec.ipportalegre.pt\/index.php\/edital\/\" target=\"_blank\" rel=\"noopener\">edital<\/a>\u00a0<\/strong>.<\/p>\n<p dir=\"ltr\">L\u00e1 encontram toda a informa\u00e7\u00e3o relativa ao calend\u00e1rio, composi\u00e7\u00e3o do j\u00fari e pr\u00e9mios.<\/p>\n<p><strong>\u00a0<\/strong><\/p>\n<p><strong>Existe regulamento associado ao concurso das bolsas de empreendedorismo?<\/strong><\/p>\n<p dir=\"ltr\">Sim, existe e dever\u00e1 ser consultado antes de proceder \u00e0 candidatura. Poder\u00e1 ser consultado aqui: <strong><a href=\"https:\/\/transcotec.ipportalegre.pt\/index.php\/regulamento\/\" target=\"_blank\" rel=\"noopener\">Regulamento<\/a><\/strong>.<\/p>\n<p><strong>\u00a0<\/strong><\/p>\n<p><strong>O preenchimento do formul\u00e1rio de candidatura \u00e9 obrigat\u00f3rio?<\/strong><\/p>\n<p dir=\"ltr\">Sim, o preenchimento do <a href=\"https:\/\/docs.google.com\/forms\/d\/e\/1FAIpQLScErWT-L9IdUnaWYLJPGRiy9BwtHL1MDP0QtyqAUoX00J-SWQ\/viewform\" target=\"_blank\" rel=\"noopener\"><strong>formul\u00e1rio de <\/strong><strong>candidatura<\/strong><\/a> \u00e9 obrigat\u00f3rio e deve ser enviado at\u00e9 14 de abril.<\/p>\n\n\n<figure class=\"wp-block-image size-large is-resized\"><img loading=\"lazy\" decoding=\"async\" src=\"https:\/\/transcotec.ipportalegre.pt\/wp-content\/uploads\/2023\/03\/Bolsa-de-Empreendedorismo-1-724x1024.png\" alt=\"\" class=\"wp-image-659\" width=\"543\" height=\"768\" srcset=\"https:\/\/transcotec.ipportalegre.pt\/wp-content\/uploads\/2023\/03\/Bolsa-de-Empreendedorismo-1-724x1024.png 724w, https:\/\/transcotec.ipportalegre.pt\/wp-content\/uploads\/2023\/03\/Bolsa-de-Empreendedorismo-1-212x300.png 212w, https:\/\/transcotec.ipportalegre.pt\/wp-content\/uploads\/2023\/03\/Bolsa-de-Empreendedorismo-1.png 750w\" sizes=\"auto, (max-width: 543px) 100vw, 543px\" \/><\/figure>\n","protected":false},"excerpt":{"rendered":"<p>O Instituto Polit\u00e9cnico de Portalegre, o Instituto Polit\u00e9cnico de Tomar e o Instituto Polit\u00e9cnico de Santar\u00e9m, em consorcio, promovem o projeto TransCoTec, que tem como objetivo potenciar a valoriza\u00e7\u00e3o dos &#8230;<\/p>\n","protected":false},"author":1,"featured_media":0,"parent":0,"menu_order":0,"comment_status":"closed","ping_status":"closed","template":"","meta":{"footnotes":""},"class_list":["post-629","page","type-page","status-publish","hentry"],"_links":{"self":[{"href":"https:\/\/transcotec.ipportalegre.pt\/index.php\/wp-json\/wp\/v2\/pages\/629","targetHints":{"allow":["GET"]}}],"collection":[{"href":"https:\/\/transcotec.ipportalegre.pt\/index.php\/wp-json\/wp\/v2\/pages"}],"about":[{"href":"https:\/\/transcotec.ipportalegre.pt\/index.php\/wp-json\/wp\/v2\/types\/page"}],"author":[{"embeddable":true,"href":"https:\/\/transcotec.ipportalegre.pt\/index.php\/wp-json\/wp\/v2\/users\/1"}],"replies":[{"embeddable":true,"href":"https:\/\/transcotec.ipportalegre.pt\/index.php\/wp-json\/wp\/v2\/comments?post=629"}],"version-history":[{"count":10,"href":"https:\/\/transcotec.ipportalegre.pt\/index.php\/wp-json\/wp\/v2\/pages\/629\/revisions"}],"predecessor-version":[{"id":660,"href":"https:\/\/transcotec.ipportalegre.pt\/index.php\/wp-json\/wp\/v2\/pages\/629\/revisions\/660"}],"wp:attachment":[{"href":"https:\/\/transcotec.ipportalegre.pt\/index.php\/wp-json\/wp\/v2\/media?parent=629"}],"curies":[{"name":"wp","href":"https:\/\/api.w.org\/{rel}","templated":true}]}}