{"id":694,"date":"2023-04-26T15:23:42","date_gmt":"2023-04-26T15:23:42","guid":{"rendered":"https:\/\/transcotec.ipportalegre.pt\/?page_id=694"},"modified":"2023-06-05T10:00:50","modified_gmt":"2023-06-05T10:00:50","slug":"resultados","status":"publish","type":"page","link":"https:\/\/transcotec.ipportalegre.pt\/index.php\/resultados\/","title":{"rendered":"RESULTADOS"},"content":{"rendered":"<h3><strong>ATA DE REUNI\u00c3O DO J\u00daRI<\/strong><\/h3>\n<h3><strong>Aprecia\u00e7\u00e3o de reclama\u00e7\u00f5es e elabora\u00e7\u00e3o de listas definitivas<\/strong><\/h3>\n\n\n<iframe loading=\"lazy\" src=\"https:\/\/drive.google.com\/file\/d\/12wLWNx6W5il-Snz-smhU9kPII48HjcmK\/preview\" width=\"640\" height=\"480\" allow=\"autoplay\"><\/iframe>\n\n\n\n<\/p>\n<p><strong>&nbsp;<\/strong><\/p>\n<p><strong>\n\n\n<h3><strong>CLASSIFICA\u00c7\u00c3O DAS IDEIAS DE NEG\u00d3CIO<\/strong><\/h3>\n<h3><strong>ALENTEJO<\/strong><\/h3>\n\n\n<iframe loading=\"lazy\" src=\"https:\/\/drive.google.com\/file\/d\/12uzi79MvBFmp0FDFpNHSH5p3QN8L0njU\/preview\" width=\"640\" height=\"480\" allow=\"autoplay\"><\/iframe>\n\n\n\n<\/p>\n<p><strong>&nbsp;<\/strong><\/p>\n<p><strong>\n\n\n<h3><strong>CLASSIFICA\u00c7\u00c3O DAS IDEIAS DE NEG\u00d3CIO<\/strong><\/h3>\n<h3><strong>CENTRO<\/strong><\/h3>\n\n\n<iframe loading=\"lazy\" src=\"https:\/\/drive.google.com\/file\/d\/12wQv--zOsPpFqk_6sNdyJebVtVi4htME\/preview\" width=\"640\" height=\"480\" allow=\"autoplay\"><\/iframe>\n\n\n\n<\/p>\n<p><strong>&nbsp;<\/strong><\/p>\n<p><strong>\n","protected":false},"excerpt":{"rendered":"<p>ATA DE REUNI\u00c3O DO J\u00daRI Aprecia\u00e7\u00e3o de reclama\u00e7\u00f5es e elabora\u00e7\u00e3o de listas definitivas &nbsp; CLASSIFICA\u00c7\u00c3O DAS IDEIAS DE NEG\u00d3CIO ALENTEJO &nbsp; CLASSIFICA\u00c7\u00c3O DAS IDEIAS DE NEG\u00d3CIO CENTRO &nbsp;<\/p>\n","protected":false},"author":1,"featured_media":0,"parent":0,"menu_order":0,"comment_status":"closed","ping_status":"closed","template":"","meta":{"footnotes":""},"class_list":["post-694","page","type-page","status-publish","hentry"],"_links":{"self":[{"href":"https:\/\/transcotec.ipportalegre.pt\/index.php\/wp-json\/wp\/v2\/pages\/694","targetHints":{"allow":["GET"]}}],"collection":[{"href":"https:\/\/transcotec.ipportalegre.pt\/index.php\/wp-json\/wp\/v2\/pages"}],"about":[{"href":"https:\/\/transcotec.ipportalegre.pt\/index.php\/wp-json\/wp\/v2\/types\/page"}],"author":[{"embeddable":true,"href":"https:\/\/transcotec.ipportalegre.pt\/index.php\/wp-json\/wp\/v2\/users\/1"}],"replies":[{"embeddable":true,"href":"https:\/\/transcotec.ipportalegre.pt\/index.php\/wp-json\/wp\/v2\/comments?post=694"}],"version-history":[{"count":8,"href":"https:\/\/transcotec.ipportalegre.pt\/index.php\/wp-json\/wp\/v2\/pages\/694\/revisions"}],"predecessor-version":[{"id":731,"href":"https:\/\/transcotec.ipportalegre.pt\/index.php\/wp-json\/wp\/v2\/pages\/694\/revisions\/731"}],"wp:attachment":[{"href":"https:\/\/transcotec.ipportalegre.pt\/index.php\/wp-json\/wp\/v2\/media?parent=694"}],"curies":[{"name":"wp","href":"https:\/\/api.w.org\/{rel}","templated":true}]}}