{"id":79,"date":"2022-09-13T10:59:42","date_gmt":"2022-09-13T10:59:42","guid":{"rendered":"http:\/\/transcotec.ipportalegre.pt\/?page_id=79"},"modified":"2023-03-06T14:48:18","modified_gmt":"2023-03-06T14:48:18","slug":"transcotec-2","status":"publish","type":"page","link":"https:\/\/transcotec.ipportalegre.pt\/index.php\/transcotec-2\/","title":{"rendered":"TRANSCOTEC"},"content":{"rendered":"<p style=\"background: white;\"><strong><span style=\"font-size: 10.5pt; font-family: 'Helvetica',sans-serif; color: #777777;\">C\u00f3digo da opera\u00e7\u00e3o:<\/span><\/strong><span style=\"font-size: 10.5pt; font-family: 'Helvetica',sans-serif; color: #777777;\">\u00a0POCI-01-0246-FEDER-181321<\/span><\/p>\n<p style=\"background: white;\"><strong style=\"box-sizing: inherit;\"><span style=\"font-size: 10.5pt; font-family: 'Helvetica',sans-serif; color: #777777;\">Programa:<\/span><\/strong><span style=\"font-size: 10.5pt; font-family: 'Helvetica',sans-serif; color: #777777;\">\u00a0Programa Operacional Competitividade e Internacionaliza\u00e7\u00e3o<\/span><\/p>\n<p style=\"background: white;\"><strong style=\"box-sizing: inherit;\"><span style=\"font-size: 10.5pt; font-family: 'Helvetica',sans-serif; color: #777777;\">Objetivo principal:<\/span><\/strong><span style=\"font-size: 10.5pt; font-family: 'Helvetica',sans-serif; color: #777777;\">\u00a0Transfer\u00eancia de Conhecimento Cient\u00edfico e Tecnol\u00f3gico<\/span><\/p>\n<p style=\"background: white;\"><strong style=\"box-sizing: inherit;\"><span style=\"font-size: 10.5pt; font-family: 'Helvetica',sans-serif; color: #777777;\">Regi\u00e3o de Interven\u00e7\u00e3o:<\/span><\/strong><span style=\"font-size: 10.5pt; font-family: 'Helvetica',sans-serif; color: #777777;\">\u00a0Alentejo e Centro<\/span><\/p>\n<p style=\"background: white;\"><strong style=\"box-sizing: inherit;\"><span style=\"font-size: 10.5pt; font-family: 'Helvetica',sans-serif; color: #777777;\">L\u00edder do projeto:<\/span><\/strong><span style=\"font-size: 10.5pt; font-family: 'Helvetica',sans-serif; color: #777777;\">\u00a0Instituto Polit\u00e9cnico de Portalegre<\/span><\/p>\n<p style=\"background: white;\"><strong style=\"box-sizing: inherit;\"><span style=\"font-size: 10.5pt; font-family: 'Helvetica',sans-serif; color: #777777;\">Parceiros:<\/span><\/strong><span style=\"font-size: 10.5pt; font-family: 'Helvetica',sans-serif; color: #777777;\">\u00a0Instituto Polit\u00e9cnico de Tomar, Instituto Polit\u00e9cnico de Santar\u00e9m<\/span><\/p>\n<p><img loading=\"lazy\" decoding=\"async\" class=\"alignnone wp-image-130 size-large\" src=\"http:\/\/transcotec.ipportalegre.pt\/wp-content\/uploads\/2022\/09\/Transcotec-Parceiros-1024x201.jpg\" alt=\"\" width=\"800\" height=\"157\" srcset=\"https:\/\/transcotec.ipportalegre.pt\/wp-content\/uploads\/2022\/09\/Transcotec-Parceiros-1024x201.jpg 1024w, https:\/\/transcotec.ipportalegre.pt\/wp-content\/uploads\/2022\/09\/Transcotec-Parceiros-300x59.jpg 300w, https:\/\/transcotec.ipportalegre.pt\/wp-content\/uploads\/2022\/09\/Transcotec-Parceiros-768x150.jpg 768w, https:\/\/transcotec.ipportalegre.pt\/wp-content\/uploads\/2022\/09\/Transcotec-Parceiros-1536x301.jpg 1536w, https:\/\/transcotec.ipportalegre.pt\/wp-content\/uploads\/2022\/09\/Transcotec-Parceiros-2048x401.jpg 2048w\" sizes=\"auto, (max-width: 800px) 100vw, 800px\" \/><\/p>\n<p style=\"background: white;\"><strong><span style=\"font-size: 10.5pt; font-family: 'Helvetica',sans-serif; color: #777777;\">Objetivos: <\/span><\/strong><span style=\"font-size: 10.5pt; font-family: 'Helvetica',sans-serif; color: #777777;\">O projeto TransCoTec visa potenciar a valoriza\u00e7\u00e3o dos resultados de I&amp;D e refor\u00e7ar a transfer\u00eancia de conhecimento cient\u00edfico e tecnol\u00f3gico para o setor empresarial, atrav\u00e9s de um cons\u00f3rcio formado por tr\u00eas Institutos Polit\u00e9cnicos (IP), IPPortalegre, IPTomar e IPSantar\u00e9m.<b><\/b><\/span><\/p>\n<p style=\"background: white;\"><span style=\"font-size: 10.5pt; font-family: 'Helvetica',sans-serif; color: #777777;\">As atividades de transfer\u00eancia de conhecimento cient\u00edfico e tecnol\u00f3gico visam essencialmente as empresas existentes no mercado dos setores Agroalimentar, Energia, Tecnologias da Informa\u00e7\u00e3o e Comunica\u00e7\u00e3o (TIC), \u00c1gua e Ambiente, mas tamb\u00e9m a cria\u00e7\u00e3o de spin-offs ou startups nestes setores de atividade.<\/span><\/p>\n<p style=\"background: white;\"><strong><span style=\"font-size: 10.5pt; font-family: 'Helvetica',sans-serif; color: #777777;\">Custo total eleg\u00edvel:<\/span><\/strong><span style=\"font-size: 10.5pt; font-family: 'Helvetica',sans-serif; color: #777777;\"> 736.171,66 \u20ac<\/span><\/p>\n<p style=\"background: white;\"><strong style=\"box-sizing: inherit;\"><span style=\"font-size: 10.5pt; font-family: 'Helvetica',sans-serif; color: #777777;\">Apoio financeiro da Uni\u00e3o Europeia:<\/span><\/strong><span style=\"font-size: 10.5pt; font-family: 'Helvetica',sans-serif; color: #777777;\"> FEDER: 625.745,92\u20ac<\/span><\/p>\n<p style=\"background: white;\"><strong style=\"box-sizing: inherit;\"><span style=\"font-size: 10.5pt; font-family: 'Helvetica',sans-serif; color: #777777;\">Componente IPPortalegre:<\/span><\/strong><span style=\"font-size: 10.5pt; font-family: 'Helvetica',sans-serif; color: #777777;\"> 249.249,44\u20ac<\/span><\/p>\n<p><img loading=\"lazy\" decoding=\"async\" class=\"alignnone wp-image-128 size-large\" src=\"http:\/\/transcotec.ipportalegre.pt\/wp-content\/uploads\/2022\/09\/Transcotec-Financiamentos-1024x219.jpg\" alt=\"\" width=\"800\" height=\"171\" srcset=\"https:\/\/transcotec.ipportalegre.pt\/wp-content\/uploads\/2022\/09\/Transcotec-Financiamentos-1024x219.jpg 1024w, https:\/\/transcotec.ipportalegre.pt\/wp-content\/uploads\/2022\/09\/Transcotec-Financiamentos-300x64.jpg 300w, https:\/\/transcotec.ipportalegre.pt\/wp-content\/uploads\/2022\/09\/Transcotec-Financiamentos-768x164.jpg 768w, https:\/\/transcotec.ipportalegre.pt\/wp-content\/uploads\/2022\/09\/Transcotec-Financiamentos-1536x329.jpg 1536w, https:\/\/transcotec.ipportalegre.pt\/wp-content\/uploads\/2022\/09\/Transcotec-Financiamentos-2048x438.jpg 2048w\" sizes=\"auto, (max-width: 800px) 100vw, 800px\" \/><\/p>\n<p style=\"background: white;\"><strong><span style=\"font-size: 10.5pt; font-family: 'Helvetica',sans-serif; color: #777777;\">Data de in\u00edcio:<\/span><\/strong><span style=\"font-size: 10.5pt; font-family: 'Helvetica',sans-serif; color: #777777;\">\u00a001\/11\/2021<\/span><\/p>\n<p style=\"background: white;\"><strong style=\"box-sizing: inherit;\"><span style=\"font-size: 10.5pt; font-family: 'Helvetica',sans-serif; color: #777777;\">Data de conclus\u00e3o:<\/span><\/strong><span style=\"font-size: 10.5pt; font-family: 'Helvetica',sans-serif; color: #777777;\"> 30\/06\/2023<\/span><\/p>\n","protected":false},"excerpt":{"rendered":"<p>C\u00f3digo da opera\u00e7\u00e3o:\u00a0POCI-01-0246-FEDER-181321 Programa:\u00a0Programa Operacional Competitividade e Internacionaliza\u00e7\u00e3o Objetivo principal:\u00a0Transfer\u00eancia de Conhecimento Cient\u00edfico e Tecnol\u00f3gico Regi\u00e3o de Interven\u00e7\u00e3o:\u00a0Alentejo e Centro L\u00edder do projeto:\u00a0Instituto Polit\u00e9cnico de Portalegre Parceiros:\u00a0Instituto Polit\u00e9cnico de Tomar, &#8230;<\/p>\n","protected":false},"author":1,"featured_media":0,"parent":0,"menu_order":0,"comment_status":"closed","ping_status":"closed","template":"","meta":{"footnotes":""},"class_list":["post-79","page","type-page","status-publish","hentry"],"_links":{"self":[{"href":"https:\/\/transcotec.ipportalegre.pt\/index.php\/wp-json\/wp\/v2\/pages\/79","targetHints":{"allow":["GET"]}}],"collection":[{"href":"https:\/\/transcotec.ipportalegre.pt\/index.php\/wp-json\/wp\/v2\/pages"}],"about":[{"href":"https:\/\/transcotec.ipportalegre.pt\/index.php\/wp-json\/wp\/v2\/types\/page"}],"author":[{"embeddable":true,"href":"https:\/\/transcotec.ipportalegre.pt\/index.php\/wp-json\/wp\/v2\/users\/1"}],"replies":[{"embeddable":true,"href":"https:\/\/transcotec.ipportalegre.pt\/index.php\/wp-json\/wp\/v2\/comments?post=79"}],"version-history":[{"count":12,"href":"https:\/\/transcotec.ipportalegre.pt\/index.php\/wp-json\/wp\/v2\/pages\/79\/revisions"}],"predecessor-version":[{"id":493,"href":"https:\/\/transcotec.ipportalegre.pt\/index.php\/wp-json\/wp\/v2\/pages\/79\/revisions\/493"}],"wp:attachment":[{"href":"https:\/\/transcotec.ipportalegre.pt\/index.php\/wp-json\/wp\/v2\/media?parent=79"}],"curies":[{"name":"wp","href":"https:\/\/api.w.org\/{rel}","templated":true}]}}